{"id":5,"date":"2017-04-26T07:14:13","date_gmt":"2017-04-26T07:14:13","guid":{"rendered":"http:\/\/www.vila-vesna.si\/?page_id=5"},"modified":"2017-08-28T09:17:47","modified_gmt":"2017-08-28T09:17:47","slug":"home-2","status":"publish","type":"page","link":"https:\/\/www.vila-vesna.si\/de\/","title":{"rendered":"Willkommen in der Villa Vesna"},"content":{"rendered":"<h5>Das Appartementhaus Villa Vesna befindet sich in der Mitte von Pokljuka, im Herzen des Nationalparks Triglav, in der N\u00e4he des Sport Hotels, Hotel Jelka, Skilift und nicht weit vom Sportzentrum Triglav Pokljuka &#8211; ber\u00fchmt von den gr\u00f6\u00dften Biathlon-Veranstaltungen.<\/h5>\n<p>Das Appartementhaus wurde im Jahr 2017 komplett renoviert und verf\u00fcgt \u00fcber sechs moderne Apartments in verschiedenen Gr\u00f6\u00dfen. Das Apartmenthaus verf\u00fcgt \u00fcber sechs Parkpl\u00e4tze, geteilte Abstellr\u00e4ume f\u00fcr Skier mit Skiausr\u00fcstung, Gartenm\u00f6bel f\u00fcr die G\u00e4ste des Hauses. Es befindet sich in einer sehr ruhigen Gegend in vollem Kontakt mit den Pokljuka W\u00e4ldern. Wenn Sie auf der Suche nach unber\u00fchrter Natur und einem friedlichen Urlaub sind, wird unsere Unterkunft Sie nicht entt\u00e4uschen.<\/p>\n<p>Alle Appartements sind mit Kabelfernsehen und Internet ausgestattet, das in allen Zimmern der Villa zur Verf\u00fcgung steht. In Vila Vesna sind auch Haustiere Willkommen.<\/p>\n","protected":false},"excerpt":{"rendered":"<p>Das Appartementhaus Villa Vesna befindet sich in der Mitte von Pokljuka, im Herzen des Nationalparks Triglav, in der N\u00e4he des Sport Hotels, Hotel Jelka, Skilift und nicht weit vom Sportzentrum Triglav Pokljuka &#8211; ber\u00fchmt von den gr\u00f6\u00dften Biathlon-Veranstaltungen. Das Appartementhaus wurde im Jahr 2017 komplett renoviert und verf\u00fcgt \u00fcber sechs moderne Apartments in verschiedenen Gr\u00f6\u00dfen&#8230;.  <a class=\"excerpt-read-more\" href=\"https:\/\/www.vila-vesna.si\/de\/\" title=\"Lesen Willkommen in der Villa Vesna\">Mehr lesen &raquo;<\/a><\/p>\n","protected":false},"author":1,"featured_media":0,"parent":0,"menu_order":0,"comment_status":"closed","ping_status":"closed","template":"homepage.php","meta":{"footnotes":""},"class_list":["post-5","page","type-page","status-publish","hentry"],"translation":{"provider":"WPGlobus","version":"3.0.1","language":"de","enabled_languages":["en","de","sl"],"languages":{"en":{"title":true,"content":true,"excerpt":false},"de":{"title":true,"content":true,"excerpt":false},"sl":{"title":true,"content":true,"excerpt":false}}},"yoast_head":"<!-- This site is optimized with the Yoast SEO plugin v26.8 - https:\/\/yoast.com\/product\/yoast-seo-wordpress\/ -->\n<title>Willkommen in der Villa Vesna - Vila Vesna<\/title>\n<meta name=\"description\" content=\"Das Appartementhaus Villa Vesna befindet sich in der Mitte von Pokljuka, im Herzen des Nationalparks Triglav. Das Appartementhaus wurde im Jahr 2017 komplett renoviert und verf\u00fcgt \u00fcber sechs moderne Apartments in verschiedenen Gr\u00f6\u00dfen.\" \/>\n<meta name=\"robots\" content=\"index, follow, max-snippet:-1, max-image-preview:large, max-video-preview:-1\" \/>\n<link rel=\"canonical\" href=\"https:\/\/www.vila-vesna.si\/\" \/>\n<meta property=\"og:locale\" content=\"de_DE\" \/>\n<meta property=\"og:type\" content=\"article\" \/>\n<meta property=\"og:title\" content=\"Willkommen in der Villa Vesna - Vila Vesna\" \/>\n<meta property=\"og:description\" content=\"Das Appartementhaus Villa Vesna befindet sich in der Mitte von Pokljuka, im Herzen des Nationalparks Triglav. Das Appartementhaus wurde im Jahr 2017 komplett renoviert und verf\u00fcgt \u00fcber sechs moderne Apartments in verschiedenen Gr\u00f6\u00dfen.\" \/>\n<meta property=\"og:url\" content=\"https:\/\/www.vila-vesna.si\/\" \/>\n<meta property=\"og:site_name\" content=\"Vila Vesna\" \/>\n<meta property=\"article:modified_time\" content=\"2017-08-28T09:17:47+00:00\" \/>\n<meta name=\"twitter:card\" content=\"summary_large_image\" \/>\n<meta name=\"twitter:label1\" content=\"Gesch\u00e4tzte Lesezeit\" \/>\n\t<meta name=\"twitter:data1\" content=\"2\u00a0Minuten\" \/>\n<script type=\"application\/ld+json\" class=\"yoast-schema-graph\">{\"@context\":\"https:\/\/schema.org\",\"@graph\":[{\"@type\":\"WebPage\",\"@id\":\"https:\/\/www.vila-vesna.si\/\",\"url\":\"https:\/\/www.vila-vesna.si\/\",\"name\":\"Willkommen in der Villa Vesna - Vila Vesna\",\"isPartOf\":{\"@id\":\"https:\/\/www.vila-vesna.si\/#website\"},\"datePublished\":\"2017-04-26T07:14:13+00:00\",\"dateModified\":\"2017-08-28T09:17:47+00:00\",\"description\":\"Das Appartementhaus Villa Vesna befindet sich in der Mitte von Pokljuka, im Herzen des Nationalparks Triglav. Das Appartementhaus wurde im Jahr 2017 komplett renoviert und verf\u00fcgt \u00fcber sechs moderne Apartments in verschiedenen Gr\u00f6\u00dfen.\",\"breadcrumb\":{\"@id\":\"https:\/\/www.vila-vesna.si\/#breadcrumb\"},\"inLanguage\":\"de\",\"potentialAction\":[{\"@type\":\"ReadAction\",\"target\":[\"https:\/\/www.vila-vesna.si\/\"]}]},{\"@type\":\"BreadcrumbList\",\"@id\":\"https:\/\/www.vila-vesna.si\/#breadcrumb\",\"itemListElement\":[{\"@type\":\"ListItem\",\"position\":1,\"name\":\"Home\",\"item\":\"https:\/\/www.vila-vesna.si\/\"},{\"@type\":\"ListItem\",\"position\":2,\"name\":\"Welcome to Villa Vesna\"}]},{\"@type\":\"WebSite\",\"@id\":\"https:\/\/www.vila-vesna.si\/#website\",\"url\":\"https:\/\/www.vila-vesna.si\/\",\"name\":\"Vila Vesna\",\"description\":\"Paradies im Herzen der Berge\",\"potentialAction\":[{\"@type\":\"SearchAction\",\"target\":{\"@type\":\"EntryPoint\",\"urlTemplate\":\"https:\/\/www.vila-vesna.si\/?s={search_term_string}\"},\"query-input\":{\"@type\":\"PropertyValueSpecification\",\"valueRequired\":true,\"valueName\":\"search_term_string\"}}],\"inLanguage\":\"de\"}]}<\/script>\n<!-- \/ Yoast SEO plugin. -->","yoast_head_json":{"title":"Willkommen in der Villa Vesna - Vila Vesna","description":"Das Appartementhaus Villa Vesna befindet sich in der Mitte von Pokljuka, im Herzen des Nationalparks Triglav. Das Appartementhaus wurde im Jahr 2017 komplett renoviert und verf\u00fcgt \u00fcber sechs moderne Apartments in verschiedenen Gr\u00f6\u00dfen.","robots":{"index":"index","follow":"follow","max-snippet":"max-snippet:-1","max-image-preview":"max-image-preview:large","max-video-preview":"max-video-preview:-1"},"canonical":"https:\/\/www.vila-vesna.si\/","og_locale":"de_DE","og_type":"article","og_title":"Willkommen in der Villa Vesna - Vila Vesna","og_description":"Das Appartementhaus Villa Vesna befindet sich in der Mitte von Pokljuka, im Herzen des Nationalparks Triglav. Das Appartementhaus wurde im Jahr 2017 komplett renoviert und verf\u00fcgt \u00fcber sechs moderne Apartments in verschiedenen Gr\u00f6\u00dfen.","og_url":"https:\/\/www.vila-vesna.si\/","og_site_name":"Vila Vesna","article_modified_time":"2017-08-28T09:17:47+00:00","twitter_card":"summary_large_image","twitter_misc":{"Gesch\u00e4tzte Lesezeit":"2\u00a0Minuten"},"schema":{"@context":"https:\/\/schema.org","@graph":[{"@type":"WebPage","@id":"https:\/\/www.vila-vesna.si\/","url":"https:\/\/www.vila-vesna.si\/","name":"Willkommen in der Villa Vesna - Vila Vesna","isPartOf":{"@id":"https:\/\/www.vila-vesna.si\/#website"},"datePublished":"2017-04-26T07:14:13+00:00","dateModified":"2017-08-28T09:17:47+00:00","description":"Das Appartementhaus Villa Vesna befindet sich in der Mitte von Pokljuka, im Herzen des Nationalparks Triglav. Das Appartementhaus wurde im Jahr 2017 komplett renoviert und verf\u00fcgt \u00fcber sechs moderne Apartments in verschiedenen Gr\u00f6\u00dfen.","breadcrumb":{"@id":"https:\/\/www.vila-vesna.si\/#breadcrumb"},"inLanguage":"de","potentialAction":[{"@type":"ReadAction","target":["https:\/\/www.vila-vesna.si\/"]}]},{"@type":"BreadcrumbList","@id":"https:\/\/www.vila-vesna.si\/#breadcrumb","itemListElement":[{"@type":"ListItem","position":1,"name":"Home","item":"https:\/\/www.vila-vesna.si\/"},{"@type":"ListItem","position":2,"name":"Welcome to Villa Vesna"}]},{"@type":"WebSite","@id":"https:\/\/www.vila-vesna.si\/#website","url":"https:\/\/www.vila-vesna.si\/","name":"Vila Vesna","description":"Paradies im Herzen der Berge","potentialAction":[{"@type":"SearchAction","target":{"@type":"EntryPoint","urlTemplate":"https:\/\/www.vila-vesna.si\/?s={search_term_string}"},"query-input":{"@type":"PropertyValueSpecification","valueRequired":true,"valueName":"search_term_string"}}],"inLanguage":"de"}]}},"_links":{"self":[{"href":"https:\/\/www.vila-vesna.si\/de\/wp-json\/wp\/v2\/pages\/5","targetHints":{"allow":["GET"]}}],"collection":[{"href":"https:\/\/www.vila-vesna.si\/de\/wp-json\/wp\/v2\/pages"}],"about":[{"href":"https:\/\/www.vila-vesna.si\/de\/wp-json\/wp\/v2\/types\/page"}],"author":[{"embeddable":true,"href":"https:\/\/www.vila-vesna.si\/de\/wp-json\/wp\/v2\/users\/1"}],"replies":[{"embeddable":true,"href":"https:\/\/www.vila-vesna.si\/de\/wp-json\/wp\/v2\/comments?post=5"}],"version-history":[{"count":21,"href":"https:\/\/www.vila-vesna.si\/de\/wp-json\/wp\/v2\/pages\/5\/revisions"}],"predecessor-version":[{"id":1041,"href":"https:\/\/www.vila-vesna.si\/de\/wp-json\/wp\/v2\/pages\/5\/revisions\/1041"}],"wp:attachment":[{"href":"https:\/\/www.vila-vesna.si\/de\/wp-json\/wp\/v2\/media?parent=5"}],"curies":[{"name":"wp","href":"https:\/\/api.w.org\/{rel}","templated":true}]}}