{"id":119,"date":"2017-04-26T17:16:28","date_gmt":"2017-04-26T17:16:28","guid":{"rendered":"http:\/\/www.vila-vesna.si\/?page_id=119"},"modified":"2017-06-19T12:34:49","modified_gmt":"2017-06-19T12:34:49","slug":"privacy-policy-and-terms-of-service","status":"publish","type":"page","link":"https:\/\/www.vila-vesna.si\/sl\/privacy-policy-and-terms-of-service\/","title":{"rendered":"Varovanje osebnih podatkov in pogoji poslovanja"},"content":{"rendered":"<h2>VAROVANJE OSEBNIH PODATKOV<\/h2>\n<p>Pri podjetju MI2 INVEST d.o.o. (v nadaljevanju \u00bbponudnik\u00ab) skrbimo za zasebnost na\u0161ih strank in intresentov, ki nam, zaradi potrebe po dvosmerni komunikaciji, posredujejo svoje podatke.<\/p>\n<h3>Komunikacija<\/h3>\n<p>Ponudnik bo z uporabnikom stopil v stik preko sredstev komunikacij na daljavo le, \u010de temu uporabnik izrecno ne nasprotuje. Oglasna elektronska sporo\u010dila bodo vsebovala naslednje sestavine:<\/p>\n<ul class=\"list_ul\">\n<li>jasno in nedvoumno bodo ozna\u010dena kot oglasna sporo\u010dila,<\/li>\n<li>po\u0161iljatelj bo jasno razviden,<\/li>\n<li>razli\u010dne akcije, promocije in druge tr\u017ene tehnike bodo ozna\u010dene kot tak\u0161ne. Prav tako bodo jasno dolo\u010deni pogoji udele\u017ebe v njih,<\/li>\n<li>jasno bo predstavljen na\u010din odjave od prejemanja oglasnih sporo\u010dil, \u017eeljo uporabnika, da ne \u017eeli prejemati oglasnih sporo\u010dil, bo ponudnik izrecno spo\u0161toval.<\/li>\n<\/ul>\n<h3>Varstvo otrok<\/h3>\n<p>Oglasna sporo\u010dila bodo jasno razvidna (upo\u0161tevajo\u010d starost) in jasno lo\u010dena od nagradnih iger in tekmovanj. Vsaka komunikacija, namenjena otrokom, bo primerna njihovi starosti in ne bo izkori\u0161\u010dala zaupljivosti otrok, pomanjkanja izku\u0161enj ali ob\u010dutka lojalnosti.<br \/>\nPonudnik ne sme sprejemati naro\u010dila od nekoga, za katerega ve ali sumi, da je otrok, ne da bi zato imel izrecnega dovoljenja njegovih star\u0161ev ali skrbnikov.<br \/>\nPonudnik brez izrecnega dovoljenja njihovih star\u0161ev ali skrbnikov ne sme sprejemati kakr\u0161nihkoli osebnih podatkov, ki zadevajo otroke. Prav tako ponudnik tretji osebi ne sme izdajati podatkov, sprejetih od otrok, izjema so star\u0161i oziroma skrbniki.<br \/>\nPonudnik ne sme ponujati prostega dostopa do izdelkov ali storitev, ki so \u0161kodljive za otroke. <\/p>\n<h3>Zbiranje podatkov<\/h3>\n<p>Na spletnih straneh podjetja MI2 INVEST d.o.o. (www.vila-vesna.si) lahko z uporabo spletnih obrazcev zahtevate dodatne informacije ali pa z nami stopite v stik prek elektronske po\u0161te. V teh slu\u010dajih Vas posebej obvestimo, katere osebne podatke morate posredovati in katere posredujete po \u017eelji, kako bodo ti podatki uporabljeni in kako zahtevate odstranitev osebnih podatkov z na\u0161ih seznamov.<\/p>\n<h3>Mnenja\/komentarji uporabnikov<\/h3>\n<p>Mnenja oziroma komentarji uporabnikov ter recenzije izdelkov, ki jih kupci napi\u0161ejo, so del funkcionalnosti trgovine, ki so namenjene skupnosti uporabnikov. Ponudnik omogo\u010da, da mnenje napi\u0161e katerikoli uporabnik trgovine, pred dokon\u010dno objavo pa jih ponudnik pregleda. Ponudnik ne bo objavil mnenj oziroma prispevkov, ki so kakorkoli \u017ealjivi, obsceni ali po mnenju ponudnika ne nudijo koristi drugim uporabnikom in obiskovalcem.<br \/>\nZ oddajo mnenja ali komentarja se uporabnik izrecno strinja s pogoji uporabe in ponudniku dovoljuje objavo dela ali celotnega teksta v vseh elektronskih in drugih medijih. Ponudnik ima pravico vsebino uporabljati \u010dasovno neomejeno in za katerikoli namen, ki je v poslovnem interesu ponudnika, vklju\u010dno z objavo v oglasih ali drugih marketin\u0161kih komunikacijah. Avtor mnenja hkrati izjavlja in zagotavlja, da je lastnik materialnih in moralnih avtorskih pravic za napisana mnenja in komentarje ter da te pravice neizklju\u010dno in \u010dasovno neomejeno prena\u0161a na ponudnika.<\/p>\n<h3>Uporaba in razkritje osebnih podatkov<\/h3>\n<p>S tem, ko prek na\u0161ih spletnih strani posredujete svoje osebne podatke, nas poobla\u0161\u010date, da jih uporabimo za objavljene namene (e-novice, kontaktni obrazec, e-po\u0161ta). Zbranih podatkov ne bomo namenoma posredovali, prodali, predali treji osebi, ki bi podatke lahko uporabila v zle namene. Poleg tega lahko zbrane podatke uporabimo, razkrijemo in hranimo, kadar to nalagajo predpisi, kadar je to potrebno zaradi za\u0161\u010dite podatkov ter Vas in nas samih pred morebitnimi prevarami in drugimi zlorabami ter v zvezi z uveljavljanjem morebitnih pravnih zahtevkov in obveznosti.<br \/>\nV ve\u010dini primerov posredovane osebne podatke uporablja podjetje MI2 INVEST d.o.o. le za potrebe obve\u0161\u010danja strank o teko\u010dem dogajanju.<\/p>\n<h3>Spremembe te Izjave<\/h3>\n<p>Izjavo o varstvu osebnih podatkov na spletnih straneh podjetja MI2 INVEST d.o.o. ob\u010dasno spreminjamo in dopolnjujemo, zato Vas vabimo, da jo preberete vsakokrat, ko nam posredujete svoje osebne podatke.<br \/>\nZadnja sprememba: 2. junij 2017<\/p>\n<h2>Splo\u0161ni pogoji spletne trgovine www.vila-vesna.si so sestavljeni v skladu z <a href=\"http:\/\/www.uradni-list.si\/1\/content?id=51154\" target=\"_blank\">Zakonom o varstvu potro\u0161nikov (ZVPot-UPB2)<\/a>, na podlagi priporo\u010dil GZS in mednarodnih kodeksov za e-poslovanje.<\/h2>\n<p>S spletno stranjo www.vila-vesna.si v imenu podjetja MI2 INVEST d.o.o. upravlja podjetje Agenija d.o.o. (v nadaljevanju \u00bbponudnik\u00ab). Splo\u0161ni pogoji poslovanja obravnavajo delovanje www.vila-vesna.si, pravice uporabnika ter poslovni odnos med ponudnikom in kupcem.<\/p>\n<h3>Dostopnost informacij<\/h3>\n<p>(povzetek zakonodaje)<br \/>\nPonudnik se zavezuje, da bo kupcu vselej zagotovil naslednje informacije:<\/p>\n<ol type=\"a\" class=\"list_ol\">\n<li>identiteto podjetja (ime in sede\u017e podjetja, \u0161tevilka registra),<\/li>\n<li>kontaktne podatke, ki uporabniku omogo\u010dajo hitro in u\u010dinkovito komunikacijo (e-po\u0161ta, telefon),<\/li>\n<li>bistvene zna\u010dilnosti blaga oziroma storitev (vklju\u010dno s poprodajnimi storitvami in garancijami),<\/li>\n<li>dostopnost storitev (vsaka storitev, ki je v ponudbi na spletnem mestu, naj bi bila dostopna v razumljivem roku),<\/li>\n<li>pogoje izvr\u0161itve storitve (na\u010din, kraj in rok),<\/li>\n<li>vse cene morajo biti jasno in nedvoumno dolo\u010dene in razvidno mora biti prikazano, ali \u017ee vsebujejo davke,<\/li>\n<li>na\u010din pla\u010dila,<\/li>\n<li>\u010dasovno veljavnost ponudbe,<\/li>\n<li>rok, v katerem je \u0161e mo\u017eno odstopiti od pogodbe in pogojih za odstop; poleg tega tudi o tem, \u010de in koliko stane kupca pred\u010dasna odpoved najema apartmaja,<\/li>\n<li>pojasnilo postopka ob prito\u017ebi, vklju\u010dno z vsemi podatki o kontaktni osebi ali slu\u017ebi za stike s kupci.<\/li>\n<\/ol>\n<h3>Ponudba storitev\/najema<\/h3>\n<p>Zaradi narave poslovanja preko svetovnega spleta se ponudba podjetja MI2 INVEST d.o.o. a\u017eurira in spreminja pogosto in hitro.<br \/>\nCene so predstavljene kot Redne cene in Spletne cene. Redne cene so cene, ki jih sam oblikuje ponudnik. Spletna cena je cena, ki velja za nakup preko spleta v primeru 100 % pla\u010dila z gotovino ali pla\u010dilo predra\u010duna z nakazilom na TRR.<\/p>\n<h3>Na\u010dini pla\u010dila<\/h3>\n<p>Ponudnik omogo\u010da naslednje na\u010dine pla\u010dila:<\/p>\n<ul>\n<li>z <strong>gotovino<\/strong> ob prevzemu (velja Spletna cena),<\/li>\n<li>z <strong>nakazilom na ra\u010dun<\/strong> upravitelja Agenija d.o.o. po ponudbi\/predra\u010dunu (velja Spletna cena)<\/li>\n<\/ul>\n<h3>Cene<\/h3>\n<p><strong>Spletna cena<\/strong> velja za vse kupce.<br \/>\nVse cene vsebujejo DDV, razen \u010de je izrecno napisano druga\u010de. <strong>Cene veljajo v trenutku oddaje naro\u010dila<\/strong> in nimajo v naprej dolo\u010dene veljavnosti, razen v primeru promocij (promocija nove storitve).<br \/>\nCene veljajo v primeru pla\u010dila z zgoraj navedenimi na\u010dini pla\u010dila, pod zgoraj navedenimi pogoji.<br \/>\nKljub izjemnim naporom, da bi zagotovili najbolj a\u017eurne in to\u010dne podatke, se lahko zgodi, da je podatek o ceni napa\u010den. V tem primeru, ali v primeru, da se cena najema spremeni med obdelavo naro\u010dila, bo ponudnik kupcu omogo\u010dil odstop od nakupa, hkrati pa bo ponudnik kupcu ponudil re\u0161itev, ki bo \u0161la v obojestransko zadovoljstvo.<br \/>\nKupoprodajna pogodba med ponudnikom in kupcem\/najemnikom je sklenjena v trenutku, ko ponudnik potrdi naro\u010dilo (kupec prejme elektronsko sporo\u010dilo o statusu Naro\u010dilo potrjeno). Od tega trenutka so vse cene in drugi pogoji fiksirani in veljajo tako za ponudnika kot za kupca.<\/p>\n<h3>Pravica do odstopa od najema (ne velja za opravljene storitve)<\/h3>\n<p>Potro\u0161nik ima pravico, da odstopi od pogodbe, ne da bi navedel razlog. Odstop od pogodbe\/prekinitev rezervacije mora stranka opraviti 21 DNI pred izvornim datumom prihoda v apartma in to sporo\u010diti v pisni obliki (na kontaktni naslov e-po\u0161te info@vila-vesna.si). Rok vra\u010dila se za\u010dne \u0161teti en dan po datumu prevzema.<br \/>\nVra\u010dilo vpla\u010dil bo izvedeno takoj, ko je to mogo\u010de, najkasneje pa v roku 30 dni od prejema sporo\u010dila o odstopu od pogodbe. Vra\u010dila vpla\u010dil vr\u0161imo na TRR kupca.<\/p>\n<h3>Odveza odgovornosti<\/h3>\n<p>Ponudnik se po svojih najbolj\u0161ih mo\u010deh trudi zagotoviti a\u017eurnost in pravilnost podatkov, ki so objavljeni na njegovih straneh. Kljub temu, pa se lahko lastnosti artiklov, rok dobave ali cena spremenijo tako hitro, da ponudnik ne uspe popraviti podatkov na spletnih straneh. V takem primeru, bo ponudnik kupca obvestil o spremembah in mu omogo\u010dil odstop od naro\u010dila ali zamenjavo naro\u010denega artikla.<br \/>\nPonudnik ne odgovarja za vsebino mnenj o artiklih, ki jih napi\u0161ejo obiskovalci. Ponudnik mnenja pred objavo pregleda in zavrne tista, ki vsebujejo o\u010ditne neresnice, so zavajajo\u010da ali \u017ealjiva. Ponudnik ne odgovarja za informacije v mnenjih in se odvezuje kakr\u0161nekoli odgovornosti, ki izvira iz informacij v mnenjih.<br \/>\n\u010ceprav se ponudnik trudi zagotoviti natan\u010dne fotografije prodajnih artiklov, je potrebno vse fotografije jemati kot simboli\u010dne. Fotografije ne zagotavljajo lastnosti storitev.<br \/>\nPonudnik ima mo\u017enost odstopa od pogodbe s stranko le, \u010de se ugotovi o\u010ditna napaka (46. \u010dlen OZ). Kot o\u010ditno napako se opredeli bistvene lastnosti predmeta in vse zmote, ki se po obi\u010dajih v prometu ali po namenu strank \u0161tejejo za odlo\u010dilne ter jih ponudnik v primeru vednosti ne bi potrdil oziroma sklenil pogodbe. To vklju\u010duje tudi o\u010ditne napake v ceni.<br \/>\nPonudnik si pridr\u017euje pravico, da pogoje poslovanja spremeni kadarkoli in na kakr\u0161enkoli na\u010din, ne glede na razlog in brez predhodnega opozorila.<\/p>\n<h3>Prito\u017ebe in spori<\/h3>\n<p>Ponudnik spo\u0161tuje veljavno zakonodajo o varstvu potro\u0161nikov. Ponudnik se po vseh mo\u010deh trudi izpolnjevati svojo dol\u017enost vzpostaviti u\u010dinkovit sistem obravnavanja prito\u017eb in dolo\u010diti osebo, s katero se, v primeru te\u017eav, kupec lahko pove\u017ee telefonsko ali po elektronski po\u0161ti. Prito\u017eba se odda prek e-po\u0161tnega naslova info@vila-vesna.si. Postopek obravnave prito\u017ebe je zaupen.<br \/>\nPonudnik se zaveda, da je bistvena zna\u010dilnost potro\u0161ni\u0161kega spora, vsaj kar zadeva sodno re\u0161evanje, njegova nesorazmernost med ekonomsko vrednostjo zahtevka in stro\u0161ki, ki nastanejo pri re\u0161evanju samega spora. To je tudi glavna ovira, da potro\u0161nik ne spro\u017ei spora pred sodi\u0161\u010dem. Zato se ponudnik prizadeva po svojih najbolj\u0161ih mo\u010deh, da se morebitni spori re\u0161ijo sporazumno.<br \/>\nSkladno z zakonskimi normativi ne priznavamo nobenega izvajalca izvensodnega re\u0161evanja potro\u0161ni\u0161kih sporov kot pristojnega za re\u0161evanje potro\u0161ni\u0161kega spora, ki bi ga potro\u0161nik lahko spro\u017eil v skladu z Zakonom o izvensodnem re\u0161evanju potro\u0161ni\u0161kih sporov. Marjetka Novak s.p., ki kot ponudnik blaga in storitev omogo\u010da spletno trgovino na obmo\u010dju Slovenije, na svoji spletni strani objavlja elektronsko povezavo na platformo za spletno re\u0161evanje potro\u0161ni\u0161kih sporov (SRPS). Platforma je na voljo potro\u0161nikom na povezavi <a href=\"https:\/\/webgate.ec.europa.eu\/odr\/main\/index.cfm?event=main.home.show&#038;lng=SL\" target=\"_blank\">TUKAJ<\/a>.<\/p>\n<p>\u017delimo vam prijetno bivanje!<\/p>\n<p>&nbsp;<\/p>\n","protected":false},"excerpt":{"rendered":"<p>VAROVANJE OSEBNIH PODATKOV Pri podjetju MI2 INVEST d.o.o. (v nadaljevanju \u00bbponudnik\u00ab) skrbimo za zasebnost na\u0161ih strank in intresentov, ki nam, zaradi potrebe po dvosmerni komunikaciji, posredujejo svoje podatke. Komunikacija Ponudnik bo z uporabnikom stopil v stik preko sredstev komunikacij na daljavo le, \u010de temu uporabnik izrecno ne nasprotuje. Oglasna elektronska sporo\u010dila bodo vsebovala naslednje sestavine:&#8230;  <a class=\"excerpt-read-more\" href=\"https:\/\/www.vila-vesna.si\/sl\/privacy-policy-and-terms-of-service\/\" title=\"PreberiteVarovanje osebnih podatkov in pogoji poslovanja\">Preberite si ve\u010d &raquo;<\/a><\/p>\n","protected":false},"author":1,"featured_media":0,"parent":0,"menu_order":0,"comment_status":"closed","ping_status":"closed","template":"","meta":{"footnotes":""},"class_list":["post-119","page","type-page","status-publish","hentry"],"translation":{"provider":"WPGlobus","version":"3.0.1","language":"sl","enabled_languages":["en","de","sl"],"languages":{"en":{"title":true,"content":true,"excerpt":false},"de":{"title":true,"content":true,"excerpt":false},"sl":{"title":true,"content":true,"excerpt":false}}},"yoast_head":"<!-- This site is optimized with the Yoast SEO plugin v26.8 - https:\/\/yoast.com\/product\/yoast-seo-wordpress\/ -->\n<title>Varovanje osebnih podatkov in pogoji poslovanja - Vila Vesna<\/title>\n<meta name=\"robots\" content=\"index, follow, max-snippet:-1, max-image-preview:large, max-video-preview:-1\" \/>\n<link rel=\"canonical\" href=\"https:\/\/www.vila-vesna.si\/privacy-policy-and-terms-of-service\/\" \/>\n<meta property=\"og:locale\" content=\"sl_SI\" \/>\n<meta property=\"og:type\" content=\"article\" \/>\n<meta property=\"og:title\" content=\"Varovanje osebnih podatkov in pogoji poslovanja - Vila Vesna\" \/>\n<meta property=\"og:url\" content=\"https:\/\/www.vila-vesna.si\/privacy-policy-and-terms-of-service\/\" \/>\n<meta property=\"og:site_name\" content=\"Vila Vesna\" \/>\n<meta property=\"article:modified_time\" content=\"2017-06-19T12:34:49+00:00\" \/>\n<meta name=\"twitter:card\" content=\"summary_large_image\" \/>\n<meta name=\"twitter:label1\" content=\"Est. reading time\" \/>\n\t<meta name=\"twitter:data1\" content=\"22 minut\" \/>\n<script type=\"application\/ld+json\" class=\"yoast-schema-graph\">{\"@context\":\"https:\/\/schema.org\",\"@graph\":[{\"@type\":\"WebPage\",\"@id\":\"https:\/\/www.vila-vesna.si\/privacy-policy-and-terms-of-service\/\",\"url\":\"https:\/\/www.vila-vesna.si\/privacy-policy-and-terms-of-service\/\",\"name\":\"Varovanje osebnih podatkov in pogoji poslovanja - Vila Vesna\",\"isPartOf\":{\"@id\":\"https:\/\/www.vila-vesna.si\/#website\"},\"datePublished\":\"2017-04-26T17:16:28+00:00\",\"dateModified\":\"2017-06-19T12:34:49+00:00\",\"description\":\"At Villa Vesna we respect the privacy of our Customers and people interested in offer and services.\",\"breadcrumb\":{\"@id\":\"https:\/\/www.vila-vesna.si\/privacy-policy-and-terms-of-service\/#breadcrumb\"},\"inLanguage\":\"sl-SI\",\"potentialAction\":[{\"@type\":\"ReadAction\",\"target\":[\"https:\/\/www.vila-vesna.si\/privacy-policy-and-terms-of-service\/\"]}]},{\"@type\":\"BreadcrumbList\",\"@id\":\"https:\/\/www.vila-vesna.si\/privacy-policy-and-terms-of-service\/#breadcrumb\",\"itemListElement\":[{\"@type\":\"ListItem\",\"position\":1,\"name\":\"Home\",\"item\":\"https:\/\/www.vila-vesna.si\/\"},{\"@type\":\"ListItem\",\"position\":2,\"name\":\"Varovanje osebnih podatkov in pogoji poslovanja\"}]},{\"@type\":\"WebSite\",\"@id\":\"https:\/\/www.vila-vesna.si\/#website\",\"url\":\"https:\/\/www.vila-vesna.si\/\",\"name\":\"Vila Vesna\",\"description\":\"Raj v srcu gora\",\"potentialAction\":[{\"@type\":\"SearchAction\",\"target\":{\"@type\":\"EntryPoint\",\"urlTemplate\":\"https:\/\/www.vila-vesna.si\/?s={search_term_string}\"},\"query-input\":{\"@type\":\"PropertyValueSpecification\",\"valueRequired\":true,\"valueName\":\"search_term_string\"}}],\"inLanguage\":\"sl-SI\"}]}<\/script>\n<!-- \/ Yoast SEO plugin. -->","yoast_head_json":{"title":"Varovanje osebnih podatkov in pogoji poslovanja - Vila Vesna","robots":{"index":"index","follow":"follow","max-snippet":"max-snippet:-1","max-image-preview":"max-image-preview:large","max-video-preview":"max-video-preview:-1"},"canonical":"https:\/\/www.vila-vesna.si\/privacy-policy-and-terms-of-service\/","og_locale":"sl_SI","og_type":"article","og_title":"Varovanje osebnih podatkov in pogoji poslovanja - Vila Vesna","og_url":"https:\/\/www.vila-vesna.si\/privacy-policy-and-terms-of-service\/","og_site_name":"Vila Vesna","article_modified_time":"2017-06-19T12:34:49+00:00","twitter_card":"summary_large_image","twitter_misc":{"Est. reading time":"22 minut"},"schema":{"@context":"https:\/\/schema.org","@graph":[{"@type":"WebPage","@id":"https:\/\/www.vila-vesna.si\/privacy-policy-and-terms-of-service\/","url":"https:\/\/www.vila-vesna.si\/privacy-policy-and-terms-of-service\/","name":"Varovanje osebnih podatkov in pogoji poslovanja - Vila Vesna","isPartOf":{"@id":"https:\/\/www.vila-vesna.si\/#website"},"datePublished":"2017-04-26T17:16:28+00:00","dateModified":"2017-06-19T12:34:49+00:00","description":"At Villa Vesna we respect the privacy of our Customers and people interested in offer and services.","breadcrumb":{"@id":"https:\/\/www.vila-vesna.si\/privacy-policy-and-terms-of-service\/#breadcrumb"},"inLanguage":"sl-SI","potentialAction":[{"@type":"ReadAction","target":["https:\/\/www.vila-vesna.si\/privacy-policy-and-terms-of-service\/"]}]},{"@type":"BreadcrumbList","@id":"https:\/\/www.vila-vesna.si\/privacy-policy-and-terms-of-service\/#breadcrumb","itemListElement":[{"@type":"ListItem","position":1,"name":"Home","item":"https:\/\/www.vila-vesna.si\/"},{"@type":"ListItem","position":2,"name":"Varovanje osebnih podatkov in pogoji poslovanja"}]},{"@type":"WebSite","@id":"https:\/\/www.vila-vesna.si\/#website","url":"https:\/\/www.vila-vesna.si\/","name":"Vila Vesna","description":"Raj v srcu gora","potentialAction":[{"@type":"SearchAction","target":{"@type":"EntryPoint","urlTemplate":"https:\/\/www.vila-vesna.si\/?s={search_term_string}"},"query-input":{"@type":"PropertyValueSpecification","valueRequired":true,"valueName":"search_term_string"}}],"inLanguage":"sl-SI"}]}},"_links":{"self":[{"href":"https:\/\/www.vila-vesna.si\/sl\/wp-json\/wp\/v2\/pages\/119","targetHints":{"allow":["GET"]}}],"collection":[{"href":"https:\/\/www.vila-vesna.si\/sl\/wp-json\/wp\/v2\/pages"}],"about":[{"href":"https:\/\/www.vila-vesna.si\/sl\/wp-json\/wp\/v2\/types\/page"}],"author":[{"embeddable":true,"href":"https:\/\/www.vila-vesna.si\/sl\/wp-json\/wp\/v2\/users\/1"}],"replies":[{"embeddable":true,"href":"https:\/\/www.vila-vesna.si\/sl\/wp-json\/wp\/v2\/comments?post=119"}],"version-history":[{"count":30,"href":"https:\/\/www.vila-vesna.si\/sl\/wp-json\/wp\/v2\/pages\/119\/revisions"}],"predecessor-version":[{"id":191,"href":"https:\/\/www.vila-vesna.si\/sl\/wp-json\/wp\/v2\/pages\/119\/revisions\/191"}],"wp:attachment":[{"href":"https:\/\/www.vila-vesna.si\/sl\/wp-json\/wp\/v2\/media?parent=119"}],"curies":[{"name":"wp","href":"https:\/\/api.w.org\/{rel}","templated":true}]}}