{"id":45,"date":"2017-04-26T08:43:31","date_gmt":"2017-04-26T08:43:31","guid":{"rendered":"http:\/\/www.vila-vesna.si\/?page_id=45"},"modified":"2019-04-25T12:31:36","modified_gmt":"2019-04-25T12:31:36","slug":"attractions","status":"publish","type":"page","link":"https:\/\/www.vila-vesna.si\/sl\/attractions\/","title":{"rendered":"Zanimivosti"},"content":{"rendered":"<h2>POKLJUKA IN OKOLICA<\/h2>\n<p class=\"headline\">Poklju\u0161ka planota je idealna za rekreacijo na sve\u017eem zraku, vklju\u010dno s pohodni\u0161tvom, nordijsko hojo, kolesarjenjem (80 km poti, primernih za kolesarjenje), tekom na smu\u010deh in biatlonom (\u0160portni center Triglav Pokljuka), smu\u010danjem in sankanjem.<\/p>\n<hr \/>\n<h3>SPORT CENTER TRIGLAV POKLJUKA<\/h3>\n<div style=\"float:left;padding:0 20px 15px 0;\"><img loading=\"lazy\" decoding=\"async\" src=\"https:\/\/www.vila-vesna.si\/wp-content\/uploads\/2017\/04\/hotel_center_triglav_pokljuka-300x200.jpg\" alt=\"\" width=\"300\" height=\"200\" class=\"alignnone size-medium wp-image-391\" \/><\/div>\n<p>Razpolaga z ve\u010d kot 30 km progami za smu\u010darski tek in biatlon, ki so primerne tako za za\u010detnike kot za profesionalce. Obratovanje centra pozimi je odvisno od sne\u017enih razmer.<\/p>\n<p>Center tudi organizira <strong>\u0161olo teka na smu\u010deh, (no\u010dno) krpljanje, (no\u010dne) pohode<\/strong> po Pokljuki, <strong>te\u010daje nordijske hoje<\/strong> ter <strong>kolesarke izlete<\/strong>.<\/p>\n<p>V centru si lahko <strong>sposodite tudi gorska kolesa, opremo za tek na smu\u010deh, sani, lopate za sankanje ter krplje in palice<\/strong>.<\/p>\n<p><strong>Naslov<\/strong>: Srednja vas v Bohinju 165\/a (Rudno polje), 4267 Srednja vas v Bohinju<br \/>\n<small>Dostop do centra je mo\u017een z avtom, ki ga lahko pustite na urejenem parkiri\u0161\u010du<\/small><br \/>\n<strong>Telefon<\/strong>: +386 45 32 00 00<br \/>\n<strong>Spletna stran<\/strong>: <a href=\"http:\/\/www.center-pokljuka.si\" target=\"_blank\">www.center-pokljuka.si<\/a><br \/>\n<strong>Lokacija<\/strong>: <a href=\"https:\/\/goo.gl\/maps\/5jiyqtFySp72\" target=\"_blank\">Navodila za pot <i class=\"fa fa-map-marker\"><\/i><\/a><\/p>\n<hr \/>\n<h3>DRU\u017dINSKI CENTER POKLJUKA<\/h3>\n<p>Center ima na razpolago  lahke smu\u010darske proge (primerne  za dru\u017eine in za\u010detnike) ter urejeno sankali\u0161\u010de. Organizira tudi \u0161olo smu\u010danja za otroke. Do centra se lahko pripeljete z avtomobilom, ki ga pustite na parkiri\u0161\u010du.<\/p>\n<p><strong>Ve\u010d informacij<\/strong>:  <a href=\"http:\/\/www.druzinskicenter-pokljuka.si\" target=\"_blank\">www.druzinskicenter-pokljuka.si<\/a><br \/>\n<strong>Naslov e-po\u0161te<\/strong>: <a href=\"mailto:vlecnice.pokljuka@gmail.com\">vlecnice.pokljuka@gmail.com<\/a><br \/>\n<strong>Telefon<\/strong>: +386 31 203 566<\/p>\n<hr \/>\n<h3>SMU\u010cI\u0160\u010cE VI\u0160EVNIK (GORJE)<\/h3>\n<p>Smu\u010di\u0161\u010de z dvema vle\u010dnicama je locirano ob voja\u0161nici na Rudnem polju na Pokljuki. Primerno je za za\u010detnike, kot tudi za bolj izku\u0161ene smu\u010darje. Dostopno je z avtomobilom, ki ga lahko pustite na urejenem parkiri\u0161\u010du<\/p>\n<p><strong>Ve\u010d informacij<\/strong>: +386 45 96 50 00 ali +386 45 96 51 11<\/p>\n<h5>Ostala smu\u010di\u0161\u010da v bli\u017eini Goreljeka oz. Pokljuke<\/h5>\n<p><strong>Seno\u017eeta \u2013 Srednja vas v Bohinju<\/strong> (11 km) &#8211; <a href=\"https:\/\/goo.gl\/maps\/dZpAVMh5Gbn\" target=\"_blank\">Navodila za pot <i class=\"fa fa-map-marker\"><\/i><\/a><br \/>\n<strong>Vogel Bohinj<\/strong> (20 km) &#8211; <a href=\"https:\/\/goo.gl\/maps\/iP7A2exhEjt\" target=\"_blank\">Navodila za pot <i class=\"fa fa-map-marker\"><\/i><\/a><br \/>\n<strong>Stra\u017ea Bled<\/strong> (20 km) &#8211; <a href=\"https:\/\/goo.gl\/maps\/UNdy6pyrT6y\" target=\"_blank\">Navodila za pot <i class=\"fa fa-map-marker\"><\/i><\/a><br \/>\n<strong>Sori\u0161ka planina<\/strong> (25 km) &#8211; <a href=\"https:\/\/goo.gl\/maps\/fPpZSzaUexp\" target=\"_blank\">Navodila za pot <i class=\"fa fa-map-marker\"><\/i><\/a><\/p>\n<hr \/>\n<h3>TRGOVINE<\/h3>\n<p>Najbli\u017eji supermarket (Mercator) se nahaja v Bohinjski Bistrici (12 km izven Goreljeka), kjer je tudi manj\u0161a trgovina Spar (Triglavska cesta 36). <\/p>\n<p><strong>Delovni \u010das Mercatorja v Bohinjski Bistrici<\/strong> (Trg svobode 1): Ponedeljek \u2013 Sobota: 7:00 \u2013 20:00, Nedelja: 8:00 \u2013 12:00<br \/>\n<strong>Lokacija<\/strong>: <a href=\"https:\/\/goo.gl\/maps\/ewWePaXuRbH2\" target=\"_blank\">Navodila za pot <i class=\"fa fa-map-marker\"><\/i><\/a><\/p>\n<p>Trgovina (Mercator) se nahaja tudi v Zgornjih Gorjah (13 km izven Goreljeka, v smeri Krnice) in je locirana tik ob cesti.<br \/>\n<strong>Lokacija<\/strong>: <a href=\"https:\/\/goo.gl\/maps\/QHoxXQEjF4A2\" target=\"_blank\">Navodila za pot <i class=\"fa fa-map-marker\"><\/i><\/a><\/p>\n<hr \/>\n<h3>TURISTI\u010cNE INFORMACIJE<\/h3>\n<p>Turisti\u010dne informacijske centre lahko najdete tako v Bohinju kot na Bledu. Za podro\u010dje Triglavskega narodnega parka, kjer se nahaja apartmajska hi\u0161a, so specializirani v centrih TNP v Bohinju in na Bledu (<em><a href=\"https:\/\/goo.gl\/maps\/2VWNfgybqjm\" target=\"_blank\">\u201cInfocenter Triglavska ro\u017ea\u201d<\/a><\/em>) in (<em><a href=\"https:\/\/goo.gl\/maps\/MU8dubrU2KU2\" target=\"_blank\">\u201cCenter Triglavskega narodnega parka\u201d<\/a><\/em>).<\/p>\n<hr \/>\n<h3>BANKE IN BANKOMATI<\/h3>\n<p>Najbli\u017ejo banko (Gorenjska banka) najdete v Bohinjski Bistrici zraven Mercatorjevega supermarketa. Tam je tudi bankomat Gorenjske banke, ki omogo\u010da dvig gotovine z Maestro, Visa in Mastercard karticami.<\/p>\n<p><strong>Delovni \u010das Gorenjske banke v Bohinjski Bistrici<\/strong> (Trg svobode 2B):<br \/>\nPonedeljek \u2013 Petek: 8:00 \u2013 11.30 in 14:00 \u2013 17:00, sobota in nedelja: zaprto<br \/>\n<strong>Lokacija<\/strong>: <a href=\"https:\/\/goo.gl\/maps\/4bAV2SdCnwR2\" target=\"_blank\">Navodila za pot <i class=\"fa fa-map-marker\"><\/i><\/a>\n<\/p>\n<p>Do bankomata lahko dostopite tudi na po\u0161ti v Bohinjski Bistrici.<br \/>\n<strong>Lokacija<\/strong>: <a href=\"https:\/\/goo.gl\/maps\/5sTLhNPVR6u\" target=\"_blank\">Navodila za pot <i class=\"fa fa-map-marker\"><\/i><\/a>\n<\/p>\n<p>V smeri Krnice in Bleda se najbli\u017eji bankomat (Gorenjske banke) nahaja pri trgovini Mercator v Zgornjih Gorjah.<br \/>\n<strong>Lokacija<\/strong>: <a href=\"https:\/\/goo.gl\/maps\/Dw6fgVhtGJQ2\" target=\"_blank\">Navodila za pot <i class=\"fa fa-map-marker\"><\/i><\/a>\n<\/p>\n<hr \/>\n<h3>PO\u0160TA<\/h3>\n<p>Najbli\u017eji po\u0161ti sta v Bohinjski Bistrici (zraven Gorenjske banke) in v Zgornjih Gorjah (poleg gasilskega doma).<br \/>\n<strong>Lokacija<\/strong>: <a href=\"https:\/\/goo.gl\/maps\/5sTLhNPVR6u\" target=\"_blank\">Navodila za pot <i class=\"fa fa-map-marker\"><\/i><\/a>\n<\/p>\n<hr \/>\n<h3>AVTOBUSNA POSTAJALI\u0160\u010cA<\/h3>\n<p>Najbli\u017eji avtobusni postajali\u0161\u010di sta v Gorju\u0161ah ob glavni cesti (smer Bohinjska Bistrica) in v Krnici ob glavni cesti, od koder vozi avtobus proti Bledu.<\/p>\n<p><strong>Informacije o voznem redu najdete na spletni strani Potovalne agencije Alpetour<\/strong>: <a href=\"https:\/\/www.alpetour.si\/\" target=\"_blank\">www.alpetour.si<\/a><\/p>\n<p>Hop-on Hop-off avtobus v poletnem \u010dasu: vozi ob sobotah in nedeljah iz Bohinja in Bleda na Pokljuko (postajali\u0161\u010de Rudno polje).<\/p>\n<hr \/>\n<h3>CERKEV<\/h3>\n<p>Na Goreljeku se nahaja kapela sv. Antona Pu\u0161\u010davnika, kjer so ob nedeljah v poletnem \u010dasu tudi verske slovesnosti.<\/p>\n<p><strong>Ve\u010d informacij<\/strong>: <a href=\"http:\/\/koprivnik.donbosko.si\" target=\"_blank\">koprivnik.donbosko.si<\/a> (in Slovenian)<br \/>\n<strong>Lokacija<\/strong>: <a href=\"https:\/\/goo.gl\/maps\/3sHNx9e8vkp\" target=\"_blank\">Navodila za pot <i class=\"fa fa-map-marker\"><\/i><\/a>\n<\/p>\n<hr \/>\n<h3>\u017dELEZNI\u0160KA POSTAJA<\/h3>\n<p>Najbli\u017eja \u017eelezni\u0161ka postaja je v Bohinjski Bistrici (Triglavska cesta 1), od koder greste lahko na vlak v smeri Bleda ali v smeri Mosta na So\u010di in Nove Gorice.<\/p>\n<p><strong>Vozni red<\/strong>: <a href=\"http:\/\/www.slo-zeleznice.si\" target=\"_blank\">www.slo-zeleznice.si<\/a><br \/>\n<strong>Ve\u010d informacij<\/strong>: +386 42 96 59 18<br \/>\n<strong>Lokacija<\/strong>: <a href=\"https:\/\/goo.gl\/maps\/fLpnR1g38Aw\" target=\"_blank\">Navodila za pot <i class=\"fa fa-map-marker\"><\/i><\/a><\/p>\n<hr \/>\n<h3>RESTAVRACIJE V OKOLICI<\/h3>\n<p><strong>Restavracija Hotel Jelka<\/strong><br \/>\nPonudba: doma\u010de slovenske jedi<br \/>\n<strong>Naslov<\/strong>: Goreljek 93, 4247 Zgornje Gorje<br \/>\n<strong>Lokacija<\/strong>: <a href=\"https:\/\/goo.gl\/maps\/1CkMN6HRanF2\" target=\"_blank\">Navodila za pot <i class=\"fa fa-map-marker\"><\/i><\/a><\/p>\n<p><strong>Restavracija Sport Hotel<\/strong><br \/>\nPonudba: doma\u010de slovenske jedi<br \/>\n<strong>Naslov<\/strong>: Goreljek 103, 4247 Zgornje Gorje<br \/>\n<strong>Lokacija<\/strong>: <a href=\"https:\/\/goo.gl\/maps\/gAtZTHVuaWU2\" target=\"_blank\">Navodila za pot <i class=\"fa fa-map-marker\"><\/i><\/a><\/p>\n<p><strong>Restavracija \u0160portni center Triglav Pokljuka<\/strong><br \/>\nPonudba: jedi na \u017elico, juhe, testenine, mesne jedi, solate<br \/>\n<strong>Naslov<\/strong>: Srednja vas v Bohinju 165\/a (Rudno polje), 4267 Srednja vas v Bohinju<br \/>\n<strong>Lokacija<\/strong>: <a href=\"https:\/\/goo.gl\/maps\/qLa9FfGV8Cm\" target=\"_blank\">Navodila za pot <i class=\"fa fa-map-marker\"><\/i><\/a><\/p>\n<p><strong>Gostilna Rupa<\/strong><br \/>\nPonudba: doma\u010de jedi, jedi na \u017elico<br \/>\n<strong>Naslov<\/strong>: Srednja vas v Bohinju 87, 4267 Srednja vas v Bohinju<br \/>\n<strong>Lokacija<\/strong>: <a href=\"https:\/\/goo.gl\/maps\/zVRi5F5ASem\" target=\"_blank\">Navodila za pot <i class=\"fa fa-map-marker\"><\/i><\/a><\/p>\n<p><strong>Gostilna pri Hrvatu<\/strong><br \/>\nPonudba: doma\u010de jedi, divja\u010dina, postrvi, vegetarijanske jedi<br \/>\n<strong>Naslov<\/strong>: Srednja vas 76, 4267 Srednja vas v Bohinju<br \/>\n<strong>Lokacija<\/strong>: <a href=\"https:\/\/goo.gl\/maps\/wHhHJdu1XMT2\" target=\"_blank\">Navodila za pot <i class=\"fa fa-map-marker\"><\/i><\/a><\/p>\n<p><strong>Picerija Ema<\/strong><br \/>\nPonudba: razli\u010dne vrste pic<br \/>\n<strong>Naslov<\/strong>: Srednja vas v Bohinju 73, 4267 Srednja vas v Bohinju<br \/>\n<strong>Lokacija<\/strong>: <a href=\"https:\/\/goo.gl\/maps\/GA6gyWszQQk\" target=\"_blank\">Navodila za pot <i class=\"fa fa-map-marker\"><\/i><\/a><\/p>\n<p><strong>Gostilna Zatrnik &#8211; Pr&#8217; Jagru<\/strong><br \/>\nPonudba: doma\u010de jedi, klobase, jedi z \u017eara, jedi na \u017elico<br \/>\n<strong>Naslov<\/strong>: Krnica 82, 4247 Zgornje Gorje<br \/>\n<strong>Lokacija<\/strong>: <a href=\"https:\/\/goo.gl\/maps\/XBK55vKVAz82\" target=\"_blank\">Navodila za pot <i class=\"fa fa-map-marker\"><\/i><\/a><\/p>\n<p>\u00a0<\/p>\n","protected":false},"excerpt":{"rendered":"<p>POKLJUKA IN OKOLICA Poklju\u0161ka planota je idealna za rekreacijo na sve\u017eem zraku, vklju\u010dno s pohodni\u0161tvom, nordijsko hojo, kolesarjenjem (80 km poti, primernih za kolesarjenje), tekom na smu\u010deh in biatlonom (\u0160portni center Triglav Pokljuka), smu\u010danjem in sankanjem. SPORT CENTER TRIGLAV POKLJUKA Razpolaga z ve\u010d kot 30 km progami za smu\u010darski tek in biatlon, ki so primerne&#8230;  <a class=\"excerpt-read-more\" href=\"https:\/\/www.vila-vesna.si\/sl\/attractions\/\" title=\"PreberiteZanimivosti\">Preberite si ve\u010d &raquo;<\/a><\/p>\n","protected":false},"author":1,"featured_media":0,"parent":0,"menu_order":0,"comment_status":"closed","ping_status":"closed","template":"page-sidebar-right.php","meta":{"footnotes":""},"class_list":["post-45","page","type-page","status-publish","hentry"],"translation":{"provider":"WPGlobus","version":"3.0.1","language":"sl","enabled_languages":["en","de","sl"],"languages":{"en":{"title":true,"content":true,"excerpt":false},"de":{"title":true,"content":true,"excerpt":false},"sl":{"title":true,"content":true,"excerpt":false}}},"yoast_head":"<!-- This site is optimized with the Yoast SEO plugin v26.8 - https:\/\/yoast.com\/product\/yoast-seo-wordpress\/ -->\n<title>Zanimivosti - Vila Vesna<\/title>\n<meta name=\"description\" content=\"Poklju\u0161ka planota je polna raznih zanimivosti. Idealna je za rekreacijo na sve\u017eem zraku, vklju\u010dno s pohodni\u0161tvom, nordijsko hojo, kolesarjenjem, tekom na smu\u010deh in biatlonom, smu\u010danjem in sankanjem.\" \/>\n<meta name=\"robots\" content=\"index, follow, max-snippet:-1, max-image-preview:large, max-video-preview:-1\" \/>\n<link rel=\"canonical\" href=\"https:\/\/www.vila-vesna.si\/attractions\/\" \/>\n<meta property=\"og:locale\" content=\"sl_SI\" \/>\n<meta property=\"og:type\" content=\"article\" \/>\n<meta property=\"og:title\" content=\"Zanimivosti - Vila Vesna\" \/>\n<meta property=\"og:description\" content=\"Poklju\u0161ka planota je polna raznih zanimivosti. Idealna je za rekreacijo na sve\u017eem zraku, vklju\u010dno s pohodni\u0161tvom, nordijsko hojo, kolesarjenjem, tekom na smu\u010deh in biatlonom, smu\u010danjem in sankanjem.\" \/>\n<meta property=\"og:url\" content=\"https:\/\/www.vila-vesna.si\/attractions\/\" \/>\n<meta property=\"og:site_name\" content=\"Vila Vesna\" \/>\n<meta property=\"article:modified_time\" content=\"2019-04-25T12:31:36+00:00\" \/>\n<meta name=\"twitter:card\" content=\"summary_large_image\" \/>\n<meta name=\"twitter:label1\" content=\"Est. reading time\" \/>\n\t<meta name=\"twitter:data1\" content=\"13 minut\" \/>\n<script type=\"application\/ld+json\" class=\"yoast-schema-graph\">{\"@context\":\"https:\/\/schema.org\",\"@graph\":[{\"@type\":\"WebPage\",\"@id\":\"https:\/\/www.vila-vesna.si\/attractions\/\",\"url\":\"https:\/\/www.vila-vesna.si\/attractions\/\",\"name\":\"Zanimivosti - Vila Vesna\",\"isPartOf\":{\"@id\":\"https:\/\/www.vila-vesna.si\/#website\"},\"primaryImageOfPage\":{\"@id\":\"https:\/\/www.vila-vesna.si\/attractions\/#primaryimage\"},\"image\":{\"@id\":\"https:\/\/www.vila-vesna.si\/attractions\/#primaryimage\"},\"thumbnailUrl\":\"https:\/\/www.vila-vesna.si\/wp-content\/uploads\/2017\/04\/hotel_center_triglav_pokljuka-300x200.jpg\",\"datePublished\":\"2017-04-26T08:43:31+00:00\",\"dateModified\":\"2019-04-25T12:31:36+00:00\",\"description\":\"Poklju\u0161ka planota je polna raznih zanimivosti. Idealna je za rekreacijo na sve\u017eem zraku, vklju\u010dno s pohodni\u0161tvom, nordijsko hojo, kolesarjenjem, tekom na smu\u010deh in biatlonom, smu\u010danjem in sankanjem.\",\"breadcrumb\":{\"@id\":\"https:\/\/www.vila-vesna.si\/attractions\/#breadcrumb\"},\"inLanguage\":\"sl-SI\",\"potentialAction\":[{\"@type\":\"ReadAction\",\"target\":[\"https:\/\/www.vila-vesna.si\/attractions\/\"]}]},{\"@type\":\"ImageObject\",\"inLanguage\":\"sl-SI\",\"@id\":\"https:\/\/www.vila-vesna.si\/attractions\/#primaryimage\",\"url\":\"https:\/\/www.vila-vesna.si\/wp-content\/uploads\/2017\/04\/hotel_center_triglav_pokljuka-300x200.jpg\",\"contentUrl\":\"https:\/\/www.vila-vesna.si\/wp-content\/uploads\/2017\/04\/hotel_center_triglav_pokljuka-300x200.jpg\"},{\"@type\":\"BreadcrumbList\",\"@id\":\"https:\/\/www.vila-vesna.si\/attractions\/#breadcrumb\",\"itemListElement\":[{\"@type\":\"ListItem\",\"position\":1,\"name\":\"Home\",\"item\":\"https:\/\/www.vila-vesna.si\/\"},{\"@type\":\"ListItem\",\"position\":2,\"name\":\"Attractions\"}]},{\"@type\":\"WebSite\",\"@id\":\"https:\/\/www.vila-vesna.si\/#website\",\"url\":\"https:\/\/www.vila-vesna.si\/\",\"name\":\"Vila Vesna\",\"description\":\"Raj v srcu gora\",\"potentialAction\":[{\"@type\":\"SearchAction\",\"target\":{\"@type\":\"EntryPoint\",\"urlTemplate\":\"https:\/\/www.vila-vesna.si\/?s={search_term_string}\"},\"query-input\":{\"@type\":\"PropertyValueSpecification\",\"valueRequired\":true,\"valueName\":\"search_term_string\"}}],\"inLanguage\":\"sl-SI\"}]}<\/script>\n<!-- \/ Yoast SEO plugin. -->","yoast_head_json":{"title":"Zanimivosti - Vila Vesna","description":"Poklju\u0161ka planota je polna raznih zanimivosti. Idealna je za rekreacijo na sve\u017eem zraku, vklju\u010dno s pohodni\u0161tvom, nordijsko hojo, kolesarjenjem, tekom na smu\u010deh in biatlonom, smu\u010danjem in sankanjem.","robots":{"index":"index","follow":"follow","max-snippet":"max-snippet:-1","max-image-preview":"max-image-preview:large","max-video-preview":"max-video-preview:-1"},"canonical":"https:\/\/www.vila-vesna.si\/attractions\/","og_locale":"sl_SI","og_type":"article","og_title":"Zanimivosti - Vila Vesna","og_description":"Poklju\u0161ka planota je polna raznih zanimivosti. Idealna je za rekreacijo na sve\u017eem zraku, vklju\u010dno s pohodni\u0161tvom, nordijsko hojo, kolesarjenjem, tekom na smu\u010deh in biatlonom, smu\u010danjem in sankanjem.","og_url":"https:\/\/www.vila-vesna.si\/attractions\/","og_site_name":"Vila Vesna","article_modified_time":"2019-04-25T12:31:36+00:00","twitter_card":"summary_large_image","twitter_misc":{"Est. reading time":"13 minut"},"schema":{"@context":"https:\/\/schema.org","@graph":[{"@type":"WebPage","@id":"https:\/\/www.vila-vesna.si\/attractions\/","url":"https:\/\/www.vila-vesna.si\/attractions\/","name":"Zanimivosti - Vila Vesna","isPartOf":{"@id":"https:\/\/www.vila-vesna.si\/#website"},"primaryImageOfPage":{"@id":"https:\/\/www.vila-vesna.si\/attractions\/#primaryimage"},"image":{"@id":"https:\/\/www.vila-vesna.si\/attractions\/#primaryimage"},"thumbnailUrl":"https:\/\/www.vila-vesna.si\/wp-content\/uploads\/2017\/04\/hotel_center_triglav_pokljuka-300x200.jpg","datePublished":"2017-04-26T08:43:31+00:00","dateModified":"2019-04-25T12:31:36+00:00","description":"Poklju\u0161ka planota je polna raznih zanimivosti. Idealna je za rekreacijo na sve\u017eem zraku, vklju\u010dno s pohodni\u0161tvom, nordijsko hojo, kolesarjenjem, tekom na smu\u010deh in biatlonom, smu\u010danjem in sankanjem.","breadcrumb":{"@id":"https:\/\/www.vila-vesna.si\/attractions\/#breadcrumb"},"inLanguage":"sl-SI","potentialAction":[{"@type":"ReadAction","target":["https:\/\/www.vila-vesna.si\/attractions\/"]}]},{"@type":"ImageObject","inLanguage":"sl-SI","@id":"https:\/\/www.vila-vesna.si\/attractions\/#primaryimage","url":"https:\/\/www.vila-vesna.si\/wp-content\/uploads\/2017\/04\/hotel_center_triglav_pokljuka-300x200.jpg","contentUrl":"https:\/\/www.vila-vesna.si\/wp-content\/uploads\/2017\/04\/hotel_center_triglav_pokljuka-300x200.jpg"},{"@type":"BreadcrumbList","@id":"https:\/\/www.vila-vesna.si\/attractions\/#breadcrumb","itemListElement":[{"@type":"ListItem","position":1,"name":"Home","item":"https:\/\/www.vila-vesna.si\/"},{"@type":"ListItem","position":2,"name":"Attractions"}]},{"@type":"WebSite","@id":"https:\/\/www.vila-vesna.si\/#website","url":"https:\/\/www.vila-vesna.si\/","name":"Vila Vesna","description":"Raj v srcu gora","potentialAction":[{"@type":"SearchAction","target":{"@type":"EntryPoint","urlTemplate":"https:\/\/www.vila-vesna.si\/?s={search_term_string}"},"query-input":{"@type":"PropertyValueSpecification","valueRequired":true,"valueName":"search_term_string"}}],"inLanguage":"sl-SI"}]}},"_links":{"self":[{"href":"https:\/\/www.vila-vesna.si\/sl\/wp-json\/wp\/v2\/pages\/45","targetHints":{"allow":["GET"]}}],"collection":[{"href":"https:\/\/www.vila-vesna.si\/sl\/wp-json\/wp\/v2\/pages"}],"about":[{"href":"https:\/\/www.vila-vesna.si\/sl\/wp-json\/wp\/v2\/types\/page"}],"author":[{"embeddable":true,"href":"https:\/\/www.vila-vesna.si\/sl\/wp-json\/wp\/v2\/users\/1"}],"replies":[{"embeddable":true,"href":"https:\/\/www.vila-vesna.si\/sl\/wp-json\/wp\/v2\/comments?post=45"}],"version-history":[{"count":13,"href":"https:\/\/www.vila-vesna.si\/sl\/wp-json\/wp\/v2\/pages\/45\/revisions"}],"predecessor-version":[{"id":653,"href":"https:\/\/www.vila-vesna.si\/sl\/wp-json\/wp\/v2\/pages\/45\/revisions\/653"}],"wp:attachment":[{"href":"https:\/\/www.vila-vesna.si\/sl\/wp-json\/wp\/v2\/media?parent=45"}],"curies":[{"name":"wp","href":"https:\/\/api.w.org\/{rel}","templated":true}]}}