{"id":5,"date":"2017-04-26T07:14:13","date_gmt":"2017-04-26T07:14:13","guid":{"rendered":"http:\/\/www.vila-vesna.si\/?page_id=5"},"modified":"2017-08-28T09:17:47","modified_gmt":"2017-08-28T09:17:47","slug":"home-2","status":"publish","type":"page","link":"https:\/\/www.vila-vesna.si\/sl\/","title":{"rendered":"Dobrodo\u0161li v Vili Vesna"},"content":{"rendered":"<h5>Apartmajska hi\u0161a Vila Vesna stoji sredi Pokljuke, v osr\u010dju Triglavskega narodnega parka, v neposredni bli\u017eini \u0160port hotela, Hotela Jelka, smu\u010di\u0161\u010da in blizu \u0160portnega centra Triglav Pokljuka.<\/h5>\n<p>Apartmajska hi\u0161a je bila v celoti prenovljena leta 2017 in ima \u0161est sodobno opremljenih apartmajev razli\u010dnih velikosti. Apartmajska hi\u0161a ima \u0161est parkirnih mest, skupni prostor za shranjevanje in pripravo smu\u010di, zunanjo vrtno lopo, ki je primerna za hrambo koles in zunanjim vrtnim pohi\u0161tvom, ki je namenjeno vsem gostom apartmajske hi\u0161e. Nahaja se na zelo mirnem predelu v popolnem stiku s poklju\u0161kimi gozdovi. V kolikor i\u0161\u010dete neokrnjeno naravo in mirne po\u010ditnice, vas na\u0161a namestitev ne bo razo\u010darala.<\/p>\n<p>Vsi apartmaji so opremljeni s kabelsko televizijo in internetom, ki je dostopen v vseh prostorih Vile Vesna. V Vili Vesna so tudi hi\u0161ni ljubljen\u010dki dobrodo\u0161li.<\/p>\n","protected":false},"excerpt":{"rendered":"<p>Apartmajska hi\u0161a Vila Vesna stoji sredi Pokljuke, v osr\u010dju Triglavskega narodnega parka, v neposredni bli\u017eini \u0160port hotela, Hotela Jelka, smu\u010di\u0161\u010da in blizu \u0160portnega centra Triglav Pokljuka. Apartmajska hi\u0161a je bila v celoti prenovljena leta 2017 in ima \u0161est sodobno opremljenih apartmajev razli\u010dnih velikosti. Apartmajska hi\u0161a ima \u0161est parkirnih mest, skupni prostor za shranjevanje in pripravo&#8230;  <a class=\"excerpt-read-more\" href=\"https:\/\/www.vila-vesna.si\/sl\/\" title=\"PreberiteDobrodo\u0161li v Vili Vesna\">Preberite si ve\u010d &raquo;<\/a><\/p>\n","protected":false},"author":1,"featured_media":0,"parent":0,"menu_order":0,"comment_status":"closed","ping_status":"closed","template":"homepage.php","meta":{"footnotes":""},"class_list":["post-5","page","type-page","status-publish","hentry"],"translation":{"provider":"WPGlobus","version":"3.0.1","language":"sl","enabled_languages":["en","de","sl"],"languages":{"en":{"title":true,"content":true,"excerpt":false},"de":{"title":true,"content":true,"excerpt":false},"sl":{"title":true,"content":true,"excerpt":false}}},"yoast_head":"<!-- This site is optimized with the Yoast SEO plugin v26.8 - https:\/\/yoast.com\/product\/yoast-seo-wordpress\/ -->\n<title>Dobrodo\u0161li v Vili Vesna - Vila Vesna<\/title>\n<meta name=\"description\" content=\"Apartmajska hi\u0161a Vila Vesna stoji sredi Pokljuke, v osr\u010dju Triglavskega narodnega parka. Apartmajska hi\u0161a je bila v celoti prenovljena leta 2017 in ima \u0161est sodobno opremljenih apartmajev razli\u010dnih velikosti.\" \/>\n<meta name=\"robots\" content=\"index, follow, max-snippet:-1, max-image-preview:large, max-video-preview:-1\" \/>\n<link rel=\"canonical\" href=\"https:\/\/www.vila-vesna.si\/\" \/>\n<meta property=\"og:locale\" content=\"sl_SI\" \/>\n<meta property=\"og:type\" content=\"article\" \/>\n<meta property=\"og:title\" content=\"Dobrodo\u0161li v Vili Vesna - Vila Vesna\" \/>\n<meta property=\"og:description\" content=\"Apartmajska hi\u0161a Vila Vesna stoji sredi Pokljuke, v osr\u010dju Triglavskega narodnega parka. Apartmajska hi\u0161a je bila v celoti prenovljena leta 2017 in ima \u0161est sodobno opremljenih apartmajev razli\u010dnih velikosti.\" \/>\n<meta property=\"og:url\" content=\"https:\/\/www.vila-vesna.si\/\" \/>\n<meta property=\"og:site_name\" content=\"Vila Vesna\" \/>\n<meta property=\"article:modified_time\" content=\"2017-08-28T09:17:47+00:00\" \/>\n<meta name=\"twitter:card\" content=\"summary_large_image\" \/>\n<meta name=\"twitter:label1\" content=\"Est. reading time\" \/>\n\t<meta name=\"twitter:data1\" content=\"2 minuti\" \/>\n<script type=\"application\/ld+json\" class=\"yoast-schema-graph\">{\"@context\":\"https:\/\/schema.org\",\"@graph\":[{\"@type\":\"WebPage\",\"@id\":\"https:\/\/www.vila-vesna.si\/\",\"url\":\"https:\/\/www.vila-vesna.si\/\",\"name\":\"Dobrodo\u0161li v Vili Vesna - Vila Vesna\",\"isPartOf\":{\"@id\":\"https:\/\/www.vila-vesna.si\/#website\"},\"datePublished\":\"2017-04-26T07:14:13+00:00\",\"dateModified\":\"2017-08-28T09:17:47+00:00\",\"description\":\"Apartmajska hi\u0161a Vila Vesna stoji sredi Pokljuke, v osr\u010dju Triglavskega narodnega parka. Apartmajska hi\u0161a je bila v celoti prenovljena leta 2017 in ima \u0161est sodobno opremljenih apartmajev razli\u010dnih velikosti.\",\"breadcrumb\":{\"@id\":\"https:\/\/www.vila-vesna.si\/#breadcrumb\"},\"inLanguage\":\"sl-SI\",\"potentialAction\":[{\"@type\":\"ReadAction\",\"target\":[\"https:\/\/www.vila-vesna.si\/\"]}]},{\"@type\":\"BreadcrumbList\",\"@id\":\"https:\/\/www.vila-vesna.si\/#breadcrumb\",\"itemListElement\":[{\"@type\":\"ListItem\",\"position\":1,\"name\":\"Home\",\"item\":\"https:\/\/www.vila-vesna.si\/\"},{\"@type\":\"ListItem\",\"position\":2,\"name\":\"Welcome to Villa Vesna\"}]},{\"@type\":\"WebSite\",\"@id\":\"https:\/\/www.vila-vesna.si\/#website\",\"url\":\"https:\/\/www.vila-vesna.si\/\",\"name\":\"Vila Vesna\",\"description\":\"Raj v srcu gora\",\"potentialAction\":[{\"@type\":\"SearchAction\",\"target\":{\"@type\":\"EntryPoint\",\"urlTemplate\":\"https:\/\/www.vila-vesna.si\/?s={search_term_string}\"},\"query-input\":{\"@type\":\"PropertyValueSpecification\",\"valueRequired\":true,\"valueName\":\"search_term_string\"}}],\"inLanguage\":\"sl-SI\"}]}<\/script>\n<!-- \/ Yoast SEO plugin. -->","yoast_head_json":{"title":"Dobrodo\u0161li v Vili Vesna - Vila Vesna","description":"Apartmajska hi\u0161a Vila Vesna stoji sredi Pokljuke, v osr\u010dju Triglavskega narodnega parka. Apartmajska hi\u0161a je bila v celoti prenovljena leta 2017 in ima \u0161est sodobno opremljenih apartmajev razli\u010dnih velikosti.","robots":{"index":"index","follow":"follow","max-snippet":"max-snippet:-1","max-image-preview":"max-image-preview:large","max-video-preview":"max-video-preview:-1"},"canonical":"https:\/\/www.vila-vesna.si\/","og_locale":"sl_SI","og_type":"article","og_title":"Dobrodo\u0161li v Vili Vesna - Vila Vesna","og_description":"Apartmajska hi\u0161a Vila Vesna stoji sredi Pokljuke, v osr\u010dju Triglavskega narodnega parka. Apartmajska hi\u0161a je bila v celoti prenovljena leta 2017 in ima \u0161est sodobno opremljenih apartmajev razli\u010dnih velikosti.","og_url":"https:\/\/www.vila-vesna.si\/","og_site_name":"Vila Vesna","article_modified_time":"2017-08-28T09:17:47+00:00","twitter_card":"summary_large_image","twitter_misc":{"Est. reading time":"2 minuti"},"schema":{"@context":"https:\/\/schema.org","@graph":[{"@type":"WebPage","@id":"https:\/\/www.vila-vesna.si\/","url":"https:\/\/www.vila-vesna.si\/","name":"Dobrodo\u0161li v Vili Vesna - Vila Vesna","isPartOf":{"@id":"https:\/\/www.vila-vesna.si\/#website"},"datePublished":"2017-04-26T07:14:13+00:00","dateModified":"2017-08-28T09:17:47+00:00","description":"Apartmajska hi\u0161a Vila Vesna stoji sredi Pokljuke, v osr\u010dju Triglavskega narodnega parka. Apartmajska hi\u0161a je bila v celoti prenovljena leta 2017 in ima \u0161est sodobno opremljenih apartmajev razli\u010dnih velikosti.","breadcrumb":{"@id":"https:\/\/www.vila-vesna.si\/#breadcrumb"},"inLanguage":"sl-SI","potentialAction":[{"@type":"ReadAction","target":["https:\/\/www.vila-vesna.si\/"]}]},{"@type":"BreadcrumbList","@id":"https:\/\/www.vila-vesna.si\/#breadcrumb","itemListElement":[{"@type":"ListItem","position":1,"name":"Home","item":"https:\/\/www.vila-vesna.si\/"},{"@type":"ListItem","position":2,"name":"Welcome to Villa Vesna"}]},{"@type":"WebSite","@id":"https:\/\/www.vila-vesna.si\/#website","url":"https:\/\/www.vila-vesna.si\/","name":"Vila Vesna","description":"Raj v srcu gora","potentialAction":[{"@type":"SearchAction","target":{"@type":"EntryPoint","urlTemplate":"https:\/\/www.vila-vesna.si\/?s={search_term_string}"},"query-input":{"@type":"PropertyValueSpecification","valueRequired":true,"valueName":"search_term_string"}}],"inLanguage":"sl-SI"}]}},"_links":{"self":[{"href":"https:\/\/www.vila-vesna.si\/sl\/wp-json\/wp\/v2\/pages\/5","targetHints":{"allow":["GET"]}}],"collection":[{"href":"https:\/\/www.vila-vesna.si\/sl\/wp-json\/wp\/v2\/pages"}],"about":[{"href":"https:\/\/www.vila-vesna.si\/sl\/wp-json\/wp\/v2\/types\/page"}],"author":[{"embeddable":true,"href":"https:\/\/www.vila-vesna.si\/sl\/wp-json\/wp\/v2\/users\/1"}],"replies":[{"embeddable":true,"href":"https:\/\/www.vila-vesna.si\/sl\/wp-json\/wp\/v2\/comments?post=5"}],"version-history":[{"count":21,"href":"https:\/\/www.vila-vesna.si\/sl\/wp-json\/wp\/v2\/pages\/5\/revisions"}],"predecessor-version":[{"id":1041,"href":"https:\/\/www.vila-vesna.si\/sl\/wp-json\/wp\/v2\/pages\/5\/revisions\/1041"}],"wp:attachment":[{"href":"https:\/\/www.vila-vesna.si\/sl\/wp-json\/wp\/v2\/media?parent=5"}],"curies":[{"name":"wp","href":"https:\/\/api.w.org\/{rel}","templated":true}]}}